{"id":226952,"date":"2023-08-18T21:33:53","date_gmt":"2023-08-18T19:33:53","guid":{"rendered":"https:\/\/dev2.peche-chasse.fr\/en\/?post_type=product&#038;p=226952"},"modified":"2023-08-23T17:10:11","modified_gmt":"2023-08-23T15:10:11","slug":"nomadventure-tactical-nylon-backpack","status":"publish","type":"product","link":"https:\/\/peche-chasse.fr\/en\/product\/nomadventure-tactical-nylon-backpack\/","title":{"rendered":"\ud83c\udf92NomadVenture &#8211; Tactical Nylon Backpack, the Waterproof Ally for your Adventures &#8211; 50L or 30L"},"content":{"rendered":"<h2>Explorez avec le Sac \u00e0 Dos NomadVenture<\/h2>\n<p>Toutes les aventures m\u00e9ritent un \u00e9quipement de qualit\u00e9. Avec le sac \u00e0 dos NomadVenture en nylon, vous \u00eates pr\u00eat pour tout.<\/p>\n<h4>Un Sac \u00e0 Dos en Nylon R\u00e9sistant et Pratique<\/h4>\n<p>Le NomadVenture est fabriqu\u00e9 en nylon haute densit\u00e9 ultra-durable. Son design comprend des sangles d&#8217;\u00e9paule rembourr\u00e9es et r\u00e9glables, des sangles de compression lat\u00e9rales, et une ceinture ventrale avec des sangles r\u00e9glables pour assurer votre confort m\u00eame lors de longues promenades.<\/p>\n<h4>Rangement et Compartiments<\/h4>\n<p>Le sac \u00e0 dos offre un compartiment principal spacieux avec fermeture \u00e9clair, une poche int\u00e9rieure \u00e0 fermeture \u00e9clair et une poche en filet pour tout ce dont vous avez besoin pour votre aventure.<\/p>\n<h3>L&#8217;accessoire de plein air par excellence<\/h3>\n<p>Que vous soyez en randonn\u00e9e, en chasse, en p\u00eache ou en survie, le NomadVenture est le compagnon id\u00e9al. Il est m\u00eame compatible avec une poche d&#8217;hydratation de 2L.<\/p>\n<h2><\/h2>\n<h2>Description technique d\u00e9taill\u00e9e :<\/h2>\n<ul>\n<li>Mat\u00e9riau : Nylon haute densit\u00e9 ultra-durable<\/li>\n<li>Couleurs : Kaki, Gris, Camouflage, Vert, Noir<\/li>\n<li>Capacit\u00e9 : 50L ou 30L<\/li>\n<li>Compartiment principal spacieux avec fermeture \u00e9clair<\/li>\n<li>Poche int\u00e9rieure \u00e0 fermeture \u00e9clair et une poche en filet<\/li>\n<li>Sangles d&#8217;\u00e9paule rembourr\u00e9es et r\u00e9glables<\/li>\n<li>Sangles de compression lat\u00e9rales<\/li>\n<li>Ceintures de poitrine et de hanches r\u00e9glables et amovibles<\/li>\n<\/ul>\n<h2><\/h2>\n<h2>Contenu du colis :<\/h2>\n<ul>\n<li>1 NomadVenture Sac \u00e0 dos<\/li>\n<li>1 Guide d&#8217;utilisation<\/li>\n<\/ul>\n","protected":false},"excerpt":{"rendered":"<p>Discover the NomadVenture, the compact nylon backpack ideal for all your outdoor activities! This military backpack, made of high-density nylon, is more than just a backpack. Whether you are hiking, surviving, hunting, or fishing, it will accompany you everywhere. With a capacity of 50L or 30L and various colors such as khaki, gray, camouflage, green, and black, there is a NomadVenture for everyone.<\/p>\n<p>This nylon backpack offers exceptional quality with its multiple features. Its padded back ensures unprecedented comfort during your long walks. The spacious main compartment, secured with a zipper, allows you to store everything you need. Plus, you can enjoy free shipping when you make your purchase on our website.<\/p>\n","protected":false},"featured_media":226982,"template":"","meta":{"_seopress_robots_primary_cat":"none","_seopress_titles_title":"\ud83c\udf92NomadVenture - Your Perfect Nylon Backpack for Adventure!","_seopress_titles_desc":"Discover the NomadVenture, a tactical nylon backpack. Ideal for hiking, hunting, and survival. Comfort, durability, and a capacity of 30L\/50L!","_seopress_robots_index":""},"product_brand":[],"product_cat":[42,39],"product_tag":[],"class_list":{"0":"post-226952","1":"product","2":"type-product","3":"status-publish","4":"has-post-thumbnail","6":"product_cat-bags-and-storage","7":"product_cat-equipment-and-accessories","9":"first","10":"instock","11":"shipping-taxable","12":"purchasable","13":"product-type-variable"},"_links":{"self":[{"href":"https:\/\/peche-chasse.fr\/en\/wp-json\/wp\/v2\/product\/226952","targetHints":{"allow":["GET"]}}],"collection":[{"href":"https:\/\/peche-chasse.fr\/en\/wp-json\/wp\/v2\/product"}],"about":[{"href":"https:\/\/peche-chasse.fr\/en\/wp-json\/wp\/v2\/types\/product"}],"wp:featuredmedia":[{"embeddable":true,"href":"https:\/\/peche-chasse.fr\/en\/wp-json\/wp\/v2\/media\/226982"}],"wp:attachment":[{"href":"https:\/\/peche-chasse.fr\/en\/wp-json\/wp\/v2\/media?parent=226952"}],"wp:term":[{"taxonomy":"product_brand","embeddable":true,"href":"https:\/\/peche-chasse.fr\/en\/wp-json\/wp\/v2\/product_brand?post=226952"},{"taxonomy":"product_cat","embeddable":true,"href":"https:\/\/peche-chasse.fr\/en\/wp-json\/wp\/v2\/product_cat?post=226952"},{"taxonomy":"product_tag","embeddable":true,"href":"https:\/\/peche-chasse.fr\/en\/wp-json\/wp\/v2\/product_tag?post=226952"}],"curies":[{"name":"wp","href":"https:\/\/api.w.org\/{rel}","templated":true}]}}